{"id":1110,"date":"2024-12-02T10:15:59","date_gmt":"2024-12-02T09:15:59","guid":{"rendered":"https:\/\/sypesic.org\/?page_id=1110"},"modified":"2024-12-05T12:20:39","modified_gmt":"2024-12-05T11:20:39","slug":"aupres-des-ctd","status":"publish","type":"page","link":"https:\/\/sypesic.org\/?page_id=1110","title":{"rendered":"Aupr\u00e8s des CTD"},"content":{"rendered":"\t\t<div data-elementor-type=\"wp-page\" data-elementor-id=\"1110\" class=\"elementor elementor-1110\">\n\t\t\t\t<div class=\"elementor-element elementor-element-3c8867d e-flex e-con-boxed e-con e-parent\" data-id=\"3c8867d\" data-element_type=\"container\" data-settings=\"{&quot;background_background&quot;:&quot;slideshow&quot;,&quot;background_slideshow_gallery&quot;:[{&quot;id&quot;:924,&quot;url&quot;:&quot;https:\\\/\\\/sypesic.org\\\/wp-content\\\/uploads\\\/2024\\\/11\\\/personnes_noires_en_formation_de_s_curit_incendie.jpeg&quot;},{&quot;id&quot;:910,&quot;url&quot;:&quot;https:\\\/\\\/sypesic.org\\\/wp-content\\\/uploads\\\/2024\\\/11\\\/ing_nieur_en_pr_vention_des_risques_incendie.jpeg&quot;},{&quot;id&quot;:881,&quot;url&quot;:&quot;https:\\\/\\\/sypesic.org\\\/wp-content\\\/uploads\\\/2024\\\/11\\\/technicien_noir_faisant_la_maintenance_d_une_alarme.jpeg&quot;}],&quot;background_slideshow_loop&quot;:&quot;yes&quot;,&quot;background_slideshow_slide_duration&quot;:5000,&quot;background_slideshow_slide_transition&quot;:&quot;fade&quot;,&quot;background_slideshow_transition_duration&quot;:500}\">\n\t\t\t\t\t<div class=\"e-con-inner\">\n\t\t\t\t\t<\/div>\n\t\t\t\t<\/div>\n\t\t<div class=\"elementor-element elementor-element-1bcfb9a e-flex e-con-boxed e-con e-parent\" data-id=\"1bcfb9a\" data-element_type=\"container\">\n\t\t\t\t\t<div class=\"e-con-inner\">\n\t\t\t\t<div class=\"elementor-element elementor-element-52b5384 elementor-widget elementor-widget-html\" data-id=\"52b5384\" data-element_type=\"widget\" data-widget_type=\"html.default\">\n\t\t\t\t<div class=\"elementor-widget-container\">\n\t\t\t<!DOCTYPE html>\r\n<html lang=\"en\">\r\n<head>\r\n    <meta charset=\"UTF-8\">\r\n    <meta name=\"viewport\" content=\"width=device-width, initial-scale=1.0\">\r\n    <title>Expertise aupr\u00e8s des CTD<\/title>\r\n    <!-- Bootstrap CSS -->\r\n    <link href=\"https:\/\/cdn.jsdelivr.net\/npm\/bootstrap@5.3.0-alpha1\/dist\/css\/bootstrap.min.css\" rel=\"stylesheet\">\r\n    <style>\r\n        .expertise-container {\r\n            max-width: 800px;\r\n            margin: 50px auto;\r\n            padding: 20px;\r\n            background-color: #ffffff;\r\n            border-radius: 10px;\r\n            box-shadow: 0 4px 8px rgba(0, 0, 0, 0.1);\r\n            position: relative;\r\n            overflow: hidden;\r\n        }\r\n        .expertise-container h1 {\r\n            text-align: center;\r\n            color: #007bff;\r\n            font-size: 2.5rem;\r\n            margin-bottom: 20px;\r\n            animation: fadeIn 1.5s;\r\n        }\r\n        .expertise-container ul {\r\n            list-style: disc;\r\n            padding-left: 40px;\r\n        }\r\n        .expertise-container ul li {\r\n            margin-bottom: 10px;\r\n            animation: slideIn 1s ease-in-out;\r\n        }\r\n        .expertise-container .image-section {\r\n            position: absolute;\r\n            top: 0;\r\n            left: 0;\r\n            width: 100%;\r\n            height: 100%;\r\n            z-index: -1;\r\n            background-image: url('https:\/\/via.placeholder.com\/800x400');\r\n            background-size: cover;\r\n            background-position: center;\r\n            opacity: 0.2;\r\n        }\r\n        @keyframes fadeIn {\r\n            from { opacity: 0; }\r\n            to { opacity: 1; }\r\n        }\r\n        @keyframes slideIn {\r\n            from { transform: translateX(-20px); opacity: 0; }\r\n            to { transform: translateX(0); opacity: 1; }\r\n        }\r\n    <\/style>\r\n<\/head>\r\n<body>\r\n\r\n<div class=\"expertise-container\">\r\n    <div class=\"image-section\"><\/div>\r\n    <h1>Expertise aupr\u00e8s des CTD<\/h1>\r\n    <p>Le SYPESIC se tient \u00e0 disposition des Collectivit\u00e9s Territoriales D\u00e9centralis\u00e9es pour les accompagner dans :<\/p>\r\n    <ul>\r\n        <li>La formation et le recyclage de leurs ressources sp\u00e9cialis\u00e9es : services d\u2019hygi\u00e8ne et assainissement ; Police Municipale\u2026<\/li>\r\n        <li>Elaboration et diffusion des plans de contingence locale en s\u00e9curit\u00e9 incendie<\/li>\r\n        <li>Mise en place des protocoles d\u2019alerte et d\u2019intervention municipale<\/li>\r\n        <li>D\u00e9velopper la formation en vue de l\u2019acc\u00e8s des jeunes aux m\u00e9tiers de la s\u00e9curit\u00e9 incendie<\/li>\r\n    <\/ul>\r\n<\/div>\r\n\r\n<!-- Bootstrap JS -->\r\n<script src=\"https:\/\/cdn.jsdelivr.net\/npm\/bootstrap@5.3.0-alpha1\/dist\/js\/bootstrap.bundle.min.js\"><\/script>\r\n<\/body>\r\n<\/html>\r\n\t\t<\/div>\n\t\t\t\t<\/div>\n\t\t\t\t\t<\/div>\n\t\t\t\t<\/div>\n\t\t\t\t<\/div>\n\t\t","protected":false},"excerpt":{"rendered":"<p>Expertise aupr\u00e8s des CTD Expertise aupr\u00e8s des CTD Le SYPESIC se tient \u00e0 disposition des Collectivit\u00e9s Territoriales D\u00e9centralis\u00e9es pour les accompagner dans : La formation et le recyclage de leurs ressources sp\u00e9cialis\u00e9es : services d\u2019hygi\u00e8ne et assainissement ; Police Municipale\u2026 Elaboration et diffusion des plans de contingence locale en s\u00e9curit\u00e9 incendie Mise en place des&hellip;&nbsp;<a href=\"https:\/\/sypesic.org\/?page_id=1110\" rel=\"bookmark\">Lire la suite &raquo;<span class=\"screen-reader-text\">Aupr\u00e8s des CTD<\/span><\/a><\/p>\n","protected":false},"author":1,"featured_media":0,"parent":0,"menu_order":0,"comment_status":"closed","ping_status":"closed","template":"page-templates\/template-pagebuilder-full-width.php","meta":{"neve_meta_sidebar":"","neve_meta_container":"","neve_meta_enable_content_width":"","neve_meta_content_width":0,"neve_meta_title_alignment":"","neve_meta_author_avatar":"","neve_post_elements_order":"","neve_meta_disable_header":"","neve_meta_disable_footer":"","neve_meta_disable_title":"","footnotes":""},"class_list":["post-1110","page","type-page","status-publish","hentry"],"_links":{"self":[{"href":"https:\/\/sypesic.org\/index.php?rest_route=\/wp\/v2\/pages\/1110","targetHints":{"allow":["GET"]}}],"collection":[{"href":"https:\/\/sypesic.org\/index.php?rest_route=\/wp\/v2\/pages"}],"about":[{"href":"https:\/\/sypesic.org\/index.php?rest_route=\/wp\/v2\/types\/page"}],"author":[{"embeddable":true,"href":"https:\/\/sypesic.org\/index.php?rest_route=\/wp\/v2\/users\/1"}],"replies":[{"embeddable":true,"href":"https:\/\/sypesic.org\/index.php?rest_route=%2Fwp%2Fv2%2Fcomments&post=1110"}],"version-history":[{"count":7,"href":"https:\/\/sypesic.org\/index.php?rest_route=\/wp\/v2\/pages\/1110\/revisions"}],"predecessor-version":[{"id":1228,"href":"https:\/\/sypesic.org\/index.php?rest_route=\/wp\/v2\/pages\/1110\/revisions\/1228"}],"wp:attachment":[{"href":"https:\/\/sypesic.org\/index.php?rest_route=%2Fwp%2Fv2%2Fmedia&parent=1110"}],"curies":[{"name":"wp","href":"https:\/\/api.w.org\/{rel}","templated":true}]}}