{"id":1112,"date":"2024-12-02T10:16:24","date_gmt":"2024-12-02T09:16:24","guid":{"rendered":"https:\/\/sypesic.org\/?page_id=1112"},"modified":"2024-12-05T13:57:38","modified_gmt":"2024-12-05T12:57:38","slug":"aupres-des-particuliers","status":"publish","type":"page","link":"https:\/\/sypesic.org\/?page_id=1112","title":{"rendered":"Aupr\u00e8s des particuliers"},"content":{"rendered":"\t\t<div data-elementor-type=\"wp-page\" data-elementor-id=\"1112\" class=\"elementor elementor-1112\">\n\t\t\t\t<div class=\"elementor-element elementor-element-2f67827 e-flex e-con-boxed e-con e-parent\" data-id=\"2f67827\" data-element_type=\"container\" data-settings=\"{&quot;background_background&quot;:&quot;slideshow&quot;,&quot;background_slideshow_gallery&quot;:[{&quot;id&quot;:813,&quot;url&quot;:&quot;https:\\\/\\\/sypesic.org\\\/wp-content\\\/uploads\\\/2024\\\/11\\\/DALL\\u00b7E-2024-11-29-11.08.42-A-detailed-illustration-of-a-fire-safety-and-detection-theme-featuring-modern-fire-alarms-smoke-detectors-and-sprinklers-in-a-professional-building.webp&quot;},{&quot;id&quot;:864,&quot;url&quot;:&quot;https:\\\/\\\/sypesic.org\\\/wp-content\\\/uploads\\\/2024\\\/11\\\/il00029F-fr-kit-securite-incendie-conventionnelle.jpg&quot;},{&quot;id&quot;:861,&quot;url&quot;:&quot;https:\\\/\\\/sypesic.org\\\/wp-content\\\/uploads\\\/2024\\\/11\\\/642bd9537d04893b0cbd8f53_SSII.jpg&quot;},{&quot;id&quot;:862,&quot;url&quot;:&quot;https:\\\/\\\/sypesic.org\\\/wp-content\\\/uploads\\\/2024\\\/11\\\/detection_incendie_ssi.jpg&quot;}],&quot;background_slideshow_loop&quot;:&quot;yes&quot;,&quot;background_slideshow_slide_duration&quot;:5000,&quot;background_slideshow_slide_transition&quot;:&quot;fade&quot;,&quot;background_slideshow_transition_duration&quot;:500}\">\n\t\t\t\t\t<div class=\"e-con-inner\">\n\t\t\t\t\t<\/div>\n\t\t\t\t<\/div>\n\t\t<div class=\"elementor-element elementor-element-bcc63da e-flex e-con-boxed e-con e-parent\" data-id=\"bcc63da\" data-element_type=\"container\">\n\t\t\t\t\t<div class=\"e-con-inner\">\n\t\t\t\t<div class=\"elementor-element elementor-element-ba5424c elementor-widget elementor-widget-html\" data-id=\"ba5424c\" data-element_type=\"widget\" data-widget_type=\"html.default\">\n\t\t\t\t<div class=\"elementor-widget-container\">\n\t\t\t<!DOCTYPE html>\r\n<html lang=\"en\">\r\n<head>\r\n    <meta charset=\"UTF-8\">\r\n    <meta name=\"viewport\" content=\"width=device-width, initial-scale=1.0\">\r\n    <title>Expertise Aupr\u00e8s des Particuliers<\/title>\r\n    <!-- Bootstrap CSS -->\r\n    <link href=\"https:\/\/cdn.jsdelivr.net\/npm\/bootstrap@5.3.0-alpha1\/dist\/css\/bootstrap.min.css\" rel=\"stylesheet\">\r\n    <style>\r\n        body {\r\n            font-family: 'Arial', sans-serif;\r\n            background-color: #f3f4f6;\r\n            margin: 0;\r\n            padding: 0;\r\n        }\r\n        .expertise-section {\r\n            padding: 60px 20px;\r\n            background-color: #ffffff;\r\n            box-shadow: 0 4px 8px rgba(0, 0, 0, 0.1);\r\n            margin: 20px auto;\r\n            border-radius: 8px;\r\n            max-width: 800px;\r\n        }\r\n        .expertise-section h1 {\r\n            color: #007bff;\r\n            text-align: center;\r\n            font-weight: bold;\r\n            margin-bottom: 30px;\r\n        }\r\n        .expertise-section ul {\r\n            list-style-type: none;\r\n            padding: 0;\r\n        }\r\n        .expertise-section ul li {\r\n            margin-bottom: 15px;\r\n            padding-left: 20px;\r\n            position: relative;\r\n        }\r\n        .expertise-section ul li::before {\r\n            content: '\\2022';\r\n            color: #007bff;\r\n            font-weight: bold;\r\n            display: inline-block;\r\n            width: 1em;\r\n            margin-left: -1em;\r\n        }\r\n        .expertise-section p {\r\n            font-size: 1.1rem;\r\n            color: #333;\r\n        }\r\n    <\/style>\r\n<\/head>\r\n<body>\r\n    <section class=\"expertise-section\">\r\n        <h1>Expertise Aupr\u00e8s des Particuliers<\/h1>\r\n        <p>Le SYPESIC se tient \u00e0 disposition des particuliers pour les accompagner dans :<\/p>\r\n        <ul>\r\n            <li>La mise en conformit\u00e9 du dispositif de s\u00e9curit\u00e9 incendie dans leur environnement quotidien ;<\/li>\r\n            <li>Le conseil et l\u2019accompagnement en vue de mettre \u00e0 disposition des solutions personnalis\u00e9es en s\u00e9curit\u00e9 incendie\u2026<\/li>\r\n        <\/ul>\r\n    <\/section>\r\n    <!-- Bootstrap JS -->\r\n    <script src=\"https:\/\/cdn.jsdelivr.net\/npm\/bootstrap@5.3.0-alpha1\/dist\/js\/bootstrap.bundle.min.js\"><\/script>\r\n<\/body>\r\n<\/html>\r\n\t\t<\/div>\n\t\t\t\t<\/div>\n\t\t\t\t\t<\/div>\n\t\t\t\t<\/div>\n\t\t\t\t<\/div>\n\t\t","protected":false},"excerpt":{"rendered":"<p>Expertise Aupr\u00e8s des Particuliers Expertise Aupr\u00e8s des Particuliers Le SYPESIC se tient \u00e0 disposition des particuliers pour les accompagner dans : La mise en conformit\u00e9 du dispositif de s\u00e9curit\u00e9 incendie dans leur environnement quotidien ; Le conseil et l\u2019accompagnement en vue de mettre \u00e0 disposition des solutions personnalis\u00e9es en s\u00e9curit\u00e9 incendie\u2026<\/p>\n","protected":false},"author":1,"featured_media":0,"parent":0,"menu_order":0,"comment_status":"closed","ping_status":"closed","template":"page-templates\/template-pagebuilder-full-width.php","meta":{"neve_meta_sidebar":"","neve_meta_container":"","neve_meta_enable_content_width":"","neve_meta_content_width":0,"neve_meta_title_alignment":"","neve_meta_author_avatar":"","neve_post_elements_order":"","neve_meta_disable_header":"","neve_meta_disable_footer":"","neve_meta_disable_title":"","footnotes":""},"class_list":["post-1112","page","type-page","status-publish","hentry"],"_links":{"self":[{"href":"https:\/\/sypesic.org\/index.php?rest_route=\/wp\/v2\/pages\/1112","targetHints":{"allow":["GET"]}}],"collection":[{"href":"https:\/\/sypesic.org\/index.php?rest_route=\/wp\/v2\/pages"}],"about":[{"href":"https:\/\/sypesic.org\/index.php?rest_route=\/wp\/v2\/types\/page"}],"author":[{"embeddable":true,"href":"https:\/\/sypesic.org\/index.php?rest_route=\/wp\/v2\/users\/1"}],"replies":[{"embeddable":true,"href":"https:\/\/sypesic.org\/index.php?rest_route=%2Fwp%2Fv2%2Fcomments&post=1112"}],"version-history":[{"count":4,"href":"https:\/\/sypesic.org\/index.php?rest_route=\/wp\/v2\/pages\/1112\/revisions"}],"predecessor-version":[{"id":1236,"href":"https:\/\/sypesic.org\/index.php?rest_route=\/wp\/v2\/pages\/1112\/revisions\/1236"}],"wp:attachment":[{"href":"https:\/\/sypesic.org\/index.php?rest_route=%2Fwp%2Fv2%2Fmedia&parent=1112"}],"curies":[{"name":"wp","href":"https:\/\/api.w.org\/{rel}","templated":true}]}}