{"id":1114,"date":"2024-12-02T10:16:53","date_gmt":"2024-12-02T09:16:53","guid":{"rendered":"https:\/\/sypesic.org\/?page_id=1114"},"modified":"2024-12-14T12:47:15","modified_gmt":"2024-12-14T11:47:15","slug":"aupres-des-entreprises","status":"publish","type":"page","link":"https:\/\/sypesic.org\/?page_id=1114","title":{"rendered":"Aupr\u00e8s des entreprises"},"content":{"rendered":"\t\t<div data-elementor-type=\"wp-page\" data-elementor-id=\"1114\" class=\"elementor elementor-1114\">\n\t\t\t\t<div class=\"elementor-element elementor-element-19be48e e-flex e-con-boxed e-con e-parent\" data-id=\"19be48e\" data-element_type=\"container\" data-settings=\"{&quot;background_background&quot;:&quot;slideshow&quot;,&quot;background_slideshow_gallery&quot;:[{&quot;id&quot;:436,&quot;url&quot;:&quot;https:\\\/\\\/sypesic.org\\\/wp-content\\\/uploads\\\/2024\\\/11\\\/Calque-21.png&quot;},{&quot;id&quot;:435,&quot;url&quot;:&quot;https:\\\/\\\/sypesic.org\\\/wp-content\\\/uploads\\\/2024\\\/11\\\/Calque-20.png&quot;},{&quot;id&quot;:434,&quot;url&quot;:&quot;https:\\\/\\\/sypesic.org\\\/wp-content\\\/uploads\\\/2024\\\/11\\\/Calque-17.png&quot;},{&quot;id&quot;:433,&quot;url&quot;:&quot;https:\\\/\\\/sypesic.org\\\/wp-content\\\/uploads\\\/2024\\\/11\\\/Calque-16-e1732809941221.png&quot;},{&quot;id&quot;:432,&quot;url&quot;:&quot;https:\\\/\\\/sypesic.org\\\/wp-content\\\/uploads\\\/2024\\\/11\\\/Calque-7.png&quot;},{&quot;id&quot;:437,&quot;url&quot;:&quot;https:\\\/\\\/sypesic.org\\\/wp-content\\\/uploads\\\/2024\\\/11\\\/Georges-Njomgang-e1732809721950.png&quot;},{&quot;id&quot;:431,&quot;url&quot;:&quot;https:\\\/\\\/sypesic.org\\\/wp-content\\\/uploads\\\/2024\\\/11\\\/Calque-6-e1732809967426.png&quot;}],&quot;background_slideshow_loop&quot;:&quot;yes&quot;,&quot;background_slideshow_slide_duration&quot;:5000,&quot;background_slideshow_slide_transition&quot;:&quot;fade&quot;,&quot;background_slideshow_transition_duration&quot;:500}\">\n\t\t\t\t\t<div class=\"e-con-inner\">\n\t\t\t\t\t<\/div>\n\t\t\t\t<\/div>\n\t\t<div class=\"elementor-element elementor-element-f6a41ed e-flex e-con-boxed e-con e-parent\" data-id=\"f6a41ed\" data-element_type=\"container\">\n\t\t\t\t\t<div class=\"e-con-inner\">\n\t\t\t\t<div class=\"elementor-element elementor-element-b16b406 elementor-widget elementor-widget-html\" data-id=\"b16b406\" data-element_type=\"widget\" data-widget_type=\"html.default\">\n\t\t\t\t<div class=\"elementor-widget-container\">\n\t\t\t<!DOCTYPE html>\r\n<html lang=\"en\">\r\n<head>\r\n    <meta charset=\"UTF-8\">\r\n    <meta name=\"viewport\" content=\"width=device-width, initial-scale=1.0\">\r\n    <title>Expertise Aupr\u00e8s des Entreprises<\/title>\r\n    <!-- Bootstrap CSS -->\r\n    <link href=\"https:\/\/cdn.jsdelivr.net\/npm\/bootstrap@5.3.0-alpha1\/dist\/css\/bootstrap.min.css\" rel=\"stylesheet\">\r\n    <style>\r\n        .expertise-section {\r\n            padding: 60px 20px;\r\n            background-color: #f9f9f9;\r\n            border-radius: 10px;\r\n            box-shadow: 0 4px 15px rgba(0, 0, 0, 0.2);\r\n            margin: 30px auto;\r\n        }\r\n\r\n        .expertise-section h1 {\r\n            color: #007bff;\r\n            text-align: center;\r\n            font-weight: bold;\r\n            margin-bottom: 30px;\r\n        }\r\n\r\n        .expertise-section ul {\r\n            list-style-type: none;\r\n            padding: 0;\r\n        }\r\n\r\n        .expertise-section ul li {\r\n            margin-bottom: 15px;\r\n            font-size: 1.1rem;\r\n            display: flex;\r\n            align-items: flex-start;\r\n        }\r\n\r\n        .expertise-section ul li::before {\r\n            content: '\\2022';\r\n            color: #007bff;\r\n            font-weight: bold;\r\n            display: inline-block;\r\n            width: 20px;\r\n            margin-right: 10px;\r\n        }\r\n\r\n        .expertise-section img {\r\n            max-width: 100%;\r\n            height: auto;\r\n            border-radius: 10px;\r\n            margin: 20px 0;\r\n        }\r\n\r\n        .expertise-section .content {\r\n            animation: fadeIn 1.5s ease-in-out;\r\n        }\r\n\r\n        @keyframes fadeIn {\r\n            from {\r\n                opacity: 0;\r\n            }\r\n            to {\r\n                opacity: 1;\r\n            }\r\n        }\r\n    <\/style>\r\n<\/head>\r\n<body>\r\n    <div class=\"container\">\r\n        <div class=\"expertise-section\">\r\n            <h1>Expertise Aupr\u00e8s des Entreprises<\/h1>\r\n            <div class=\"content\">\r\n                <p>Le SYPESIC se tient \u00e0 la disposition des entreprises et de leurs promoteurs pour les accompagner dans l'information et l'orientation en vue de :<\/p>\r\n                <ul>\r\n                    <li>La formation et le recyclage de leurs ressources sp\u00e9cialis\u00e9es : QHSE ; Communication ; haut management\u2026<\/li>\r\n                    <li>Elaboration et diffusion des plans de contingence de en s\u00e9curit\u00e9 incendie<\/li>\r\n                    <li>Mise en place des protocoles d\u2019alerte et d\u2019intervention en zone industrielle<\/li>\r\n                    <li>Veille r\u00e9glementaire pour la mise en conformit\u00e9 des zones industrielles en mesures de s\u00e9curit\u00e9 et pr\u00e9vention des incendies<\/li>\r\n                <\/ul>\r\n                <img decoding=\"async\" src=\"https:\/\/sypesic.org\/wp-content\/uploads\/2024\/11\/20240501_081311-PNG.png\" alt=\"Illustration de s\u00e9curit\u00e9 incendie\">\r\n            <\/div>\r\n        <\/div>\r\n    <\/div>\r\n    <!-- Bootstrap JS -->\r\n    <script src=\"https:\/\/cdn.jsdelivr.net\/npm\/bootstrap@5.3.0-alpha1\/dist\/js\/bootstrap.bundle.min.js\"><\/script>\r\n<\/body>\r\n<\/html>\r\n\t\t<\/div>\n\t\t\t\t<\/div>\n\t\t\t\t\t<\/div>\n\t\t\t\t<\/div>\n\t\t\t\t<\/div>\n\t\t","protected":false},"excerpt":{"rendered":"<p>Expertise Aupr\u00e8s des Entreprises Expertise Aupr\u00e8s des Entreprises Le SYPESIC se tient \u00e0 la disposition des entreprises et de leurs promoteurs pour les accompagner dans l&rsquo;information et l&rsquo;orientation en vue de : La formation et le recyclage de leurs ressources sp\u00e9cialis\u00e9es : QHSE ; Communication ; haut management\u2026 Elaboration et diffusion des plans de contingence&hellip;&nbsp;<a href=\"https:\/\/sypesic.org\/?page_id=1114\" rel=\"bookmark\">Lire la suite &raquo;<span class=\"screen-reader-text\">Aupr\u00e8s des entreprises<\/span><\/a><\/p>\n","protected":false},"author":1,"featured_media":0,"parent":0,"menu_order":0,"comment_status":"closed","ping_status":"closed","template":"page-templates\/template-pagebuilder-full-width.php","meta":{"neve_meta_sidebar":"","neve_meta_container":"","neve_meta_enable_content_width":"","neve_meta_content_width":0,"neve_meta_title_alignment":"","neve_meta_author_avatar":"","neve_post_elements_order":"","neve_meta_disable_header":"","neve_meta_disable_footer":"","neve_meta_disable_title":"","footnotes":""},"class_list":["post-1114","page","type-page","status-publish","hentry"],"_links":{"self":[{"href":"https:\/\/sypesic.org\/index.php?rest_route=\/wp\/v2\/pages\/1114","targetHints":{"allow":["GET"]}}],"collection":[{"href":"https:\/\/sypesic.org\/index.php?rest_route=\/wp\/v2\/pages"}],"about":[{"href":"https:\/\/sypesic.org\/index.php?rest_route=\/wp\/v2\/types\/page"}],"author":[{"embeddable":true,"href":"https:\/\/sypesic.org\/index.php?rest_route=\/wp\/v2\/users\/1"}],"replies":[{"embeddable":true,"href":"https:\/\/sypesic.org\/index.php?rest_route=%2Fwp%2Fv2%2Fcomments&post=1114"}],"version-history":[{"count":10,"href":"https:\/\/sypesic.org\/index.php?rest_route=\/wp\/v2\/pages\/1114\/revisions"}],"predecessor-version":[{"id":1276,"href":"https:\/\/sypesic.org\/index.php?rest_route=\/wp\/v2\/pages\/1114\/revisions\/1276"}],"wp:attachment":[{"href":"https:\/\/sypesic.org\/index.php?rest_route=%2Fwp%2Fv2%2Fmedia&parent=1114"}],"curies":[{"name":"wp","href":"https:\/\/api.w.org\/{rel}","templated":true}]}}