{"id":1238,"date":"2024-12-14T11:57:16","date_gmt":"2024-12-14T10:57:16","guid":{"rendered":"https:\/\/sypesic.org\/?page_id=1238"},"modified":"2024-12-14T13:44:29","modified_gmt":"2024-12-14T12:44:29","slug":"documents","status":"publish","type":"page","link":"https:\/\/sypesic.org\/?page_id=1238","title":{"rendered":"Documents"},"content":{"rendered":"\t\t<div data-elementor-type=\"wp-page\" data-elementor-id=\"1238\" class=\"elementor elementor-1238\">\n\t\t\t\t<div class=\"elementor-element elementor-element-e3cd3eb e-flex e-con-boxed e-con e-parent\" data-id=\"e3cd3eb\" data-element_type=\"container\" data-settings=\"{&quot;background_background&quot;:&quot;slideshow&quot;,&quot;background_slideshow_gallery&quot;:[{&quot;id&quot;:1284,&quot;url&quot;:&quot;https:\\\/\\\/sypesic.org\\\/wp-content\\\/uploads\\\/2024\\\/12\\\/les_actualit_s_r_glementations_et_agenda_relatifs.jpeg&quot;}],&quot;background_slideshow_loop&quot;:&quot;yes&quot;,&quot;background_slideshow_slide_duration&quot;:5000,&quot;background_slideshow_slide_transition&quot;:&quot;fade&quot;,&quot;background_slideshow_transition_duration&quot;:500}\">\n\t\t\t\t\t<div class=\"e-con-inner\">\n\t\t\t\t\t<\/div>\n\t\t\t\t<\/div>\n\t\t<div class=\"elementor-element elementor-element-3e80988 e-flex e-con-boxed e-con e-parent\" data-id=\"3e80988\" data-element_type=\"container\">\n\t\t\t\t\t<div class=\"e-con-inner\">\n\t\t\t\t<div class=\"elementor-element elementor-element-1e6d43c elementor-widget elementor-widget-html\" data-id=\"1e6d43c\" data-element_type=\"widget\" data-widget_type=\"html.default\">\n\t\t\t\t<div class=\"elementor-widget-container\">\n\t\t\t<!DOCTYPE html>\r\n<html lang=\"en\">\r\n<head>\r\n    <meta charset=\"UTF-8\">\r\n    <meta name=\"viewport\" content=\"width=device-width, initial-scale=1.0\">\r\n    <title>Documents<\/title>\r\n    <!-- Bootstrap CSS -->\r\n    <link href=\"https:\/\/cdn.jsdelivr.net\/npm\/bootstrap@5.3.0-alpha1\/dist\/css\/bootstrap.min.css\" rel=\"stylesheet\">\r\n    <!-- Custom CSS -->\r\n    <style>\r\n        body {\r\n            font-family: Arial, sans-serif;\r\n            background-color: #f8f9fa;\r\n            margin: 0;\r\n            padding: 0;\r\n        }\r\n\r\n        .section-title {\r\n            font-size: 2rem;\r\n            font-weight: bold;\r\n            text-align: center;\r\n            margin-bottom: 20px;\r\n            color: #343a40;\r\n        }\r\n\r\n        .card:hover {\r\n            transform: scale(1.05);\r\n            transition: transform 0.3s ease;\r\n        }\r\n\r\n        .animated-img {\r\n            animation: float 3s ease-in-out infinite;\r\n        }\r\n\r\n        @keyframes float {\r\n            0%, 100% {\r\n                transform: translateY(0);\r\n            }\r\n            50% {\r\n                transform: translateY(-10px);\r\n            }\r\n        }\r\n\r\n        .footer {\r\n            text-align: center;\r\n            padding: 10px 0;\r\n            background-color: #343a40;\r\n            color: #ffffff;\r\n            margin-top: 30px;\r\n        }\r\n    <\/style>\r\n<\/head>\r\n<body>\r\n    <header class=\"bg-dark text-white py-4\">\r\n        <div class=\"container text-center\">\r\n           \r\n            <p>D\u00e9couvrez les Actualit\u00e9s, R\u00e9glementations et Agenda<\/p>\r\n        <\/div>\r\n    <\/header>\r\n\r\n    <main class=\"container my-5\">\r\n        <div class=\"section-title\"><\/div>\r\n\r\n        <div class=\"row g-4\">\r\n            <!-- Actualit\u00e9s -->\r\n            <div class=\"col-md-4\">\r\n                <div class=\"card shadow-sm\">\r\n                    <img decoding=\"async\" src=\"https:\/\/sypesic.org\/wp-content\/uploads\/2024\/12\/l_actualit_s_curit_incendie.jpeg\" class=\"card-img-top animated-img\" alt=\"Actualit\u00e9s\">\r\n                    <div class=\"card-body text-center\">\r\n                        <h5 class=\"card-title\">Actualit\u00e9s<\/h5>\r\n                        <p class=\"card-text\">Les derni\u00e8res nouvelles et informations importantes.<\/p>\r\n                        <a href=\"https:\/\/sypesic.org\/?page_id=1242\" class=\"btn btn-primary\">Voir plus<\/a>\r\n                    <\/div>\r\n                <\/div>\r\n            <\/div>\r\n\r\n            <!-- R\u00e9glementation -->\r\n            <div class=\"col-md-4\">\r\n                <div class=\"card shadow-sm\">\r\n                    <img decoding=\"async\" src=\"https:\/\/sypesic.org\/wp-content\/uploads\/2024\/12\/la_r_glementation_en_s_curit_incendie.jpeg\" class=\"card-img-top animated-img\" alt=\"R\u00e9glementation\">\r\n                    <div class=\"card-body text-center\">\r\n                        <h5 class=\"card-title\">R\u00e9glementation<\/h5>\r\n                        <p class=\"card-text\">D\u00e9couvrez les r\u00e8gles et lois en vigueur.<\/p>\r\n                        <a href=\"https:\/\/sypesic.org\/?page_id=1244\" class=\"btn btn-success\">Voir plus<\/a>\r\n                    <\/div>\r\n                <\/div>\r\n            <\/div>\r\n\r\n            <!-- Agenda -->\r\n            <div class=\"col-md-4\">\r\n                <div class=\"card shadow-sm\">\r\n                    <img decoding=\"async\" src=\"https:\/\/sypesic.org\/wp-content\/uploads\/2024\/12\/l_agenda_en_s_curit_incendie_avec_des_personnes.jpeg\" class=\"card-img-top animated-img\" alt=\"Agenda\">\r\n                    <div class=\"card-body text-center\">\r\n                        <h5 class=\"card-title\">Agenda<\/h5>\r\n                        <p class=\"card-text\">Ne manquez pas nos \u00e9v\u00e9nements \u00e0 venir.<\/p>\r\n                        <a href=\"https:\/\/sypesic.org\/?page_id=1246\" class=\"btn btn-warning\">Voir plus<\/a>\r\n                    <\/div>\r\n                <\/div>\r\n            <\/div>\r\n        <\/div>\r\n\r\n        <div class=\"mt-5\">\r\n            \r\n        <\/div>\r\n    <\/main>\r\n\r\n    \r\n\r\n    <!-- Bootstrap Bundle with Popper -->\r\n    <script src=\"https:\/\/cdn.jsdelivr.net\/npm\/bootstrap@5.3.0-alpha1\/dist\/js\/bootstrap.bundle.min.js\"><\/script>\r\n<\/body>\r\n<\/html>\r\n\t\t<\/div>\n\t\t\t\t<\/div>\n\t\t\t\t\t<\/div>\n\t\t\t\t<\/div>\n\t\t\t\t<\/div>\n\t\t","protected":false},"excerpt":{"rendered":"<p>Documents D\u00e9couvrez les Actualit\u00e9s, R\u00e9glementations et Agenda Actualit\u00e9s Les derni\u00e8res nouvelles et informations importantes. Voir plus R\u00e9glementation D\u00e9couvrez les r\u00e8gles et lois en vigueur. Voir plus Agenda Ne manquez pas nos \u00e9v\u00e9nements \u00e0 venir. Voir plus<\/p>\n","protected":false},"author":1,"featured_media":0,"parent":0,"menu_order":0,"comment_status":"closed","ping_status":"closed","template":"page-templates\/template-pagebuilder-full-width.php","meta":{"neve_meta_sidebar":"","neve_meta_container":"","neve_meta_enable_content_width":"","neve_meta_content_width":0,"neve_meta_title_alignment":"","neve_meta_author_avatar":"","neve_post_elements_order":"","neve_meta_disable_header":"","neve_meta_disable_footer":"","neve_meta_disable_title":"","footnotes":""},"class_list":["post-1238","page","type-page","status-publish","hentry"],"_links":{"self":[{"href":"https:\/\/sypesic.org\/index.php?rest_route=\/wp\/v2\/pages\/1238","targetHints":{"allow":["GET"]}}],"collection":[{"href":"https:\/\/sypesic.org\/index.php?rest_route=\/wp\/v2\/pages"}],"about":[{"href":"https:\/\/sypesic.org\/index.php?rest_route=\/wp\/v2\/types\/page"}],"author":[{"embeddable":true,"href":"https:\/\/sypesic.org\/index.php?rest_route=\/wp\/v2\/users\/1"}],"replies":[{"embeddable":true,"href":"https:\/\/sypesic.org\/index.php?rest_route=%2Fwp%2Fv2%2Fcomments&post=1238"}],"version-history":[{"count":34,"href":"https:\/\/sypesic.org\/index.php?rest_route=\/wp\/v2\/pages\/1238\/revisions"}],"predecessor-version":[{"id":1318,"href":"https:\/\/sypesic.org\/index.php?rest_route=\/wp\/v2\/pages\/1238\/revisions\/1318"}],"wp:attachment":[{"href":"https:\/\/sypesic.org\/index.php?rest_route=%2Fwp%2Fv2%2Fmedia&parent=1238"}],"curies":[{"name":"wp","href":"https:\/\/api.w.org\/{rel}","templated":true}]}}