{"id":1246,"date":"2024-12-14T11:58:53","date_gmt":"2024-12-14T10:58:53","guid":{"rendered":"https:\/\/sypesic.org\/?page_id=1246"},"modified":"2024-12-14T14:16:07","modified_gmt":"2024-12-14T13:16:07","slug":"agenda","status":"publish","type":"page","link":"https:\/\/sypesic.org\/?page_id=1246","title":{"rendered":"Agenda"},"content":{"rendered":"\t\t<div data-elementor-type=\"wp-page\" data-elementor-id=\"1246\" class=\"elementor elementor-1246\">\n\t\t\t\t<div class=\"elementor-element elementor-element-187481b e-flex e-con-boxed e-con e-parent\" data-id=\"187481b\" data-element_type=\"container\" data-settings=\"{&quot;background_background&quot;:&quot;slideshow&quot;,&quot;background_slideshow_gallery&quot;:[{&quot;id&quot;:1333,&quot;url&quot;:&quot;https:\\\/\\\/sypesic.org\\\/wp-content\\\/uploads\\\/2024\\\/12\\\/d_un_agenda_en_fran_ais-1.jpeg&quot;},{&quot;id&quot;:1329,&quot;url&quot;:&quot;https:\\\/\\\/sypesic.org\\\/wp-content\\\/uploads\\\/2024\\\/12\\\/d_un_agenda_en_fran_ais.jpeg&quot;}],&quot;background_slideshow_loop&quot;:&quot;yes&quot;,&quot;background_slideshow_slide_duration&quot;:5000,&quot;background_slideshow_slide_transition&quot;:&quot;fade&quot;,&quot;background_slideshow_transition_duration&quot;:500}\">\n\t\t\t\t\t<div class=\"e-con-inner\">\n\t\t\t\t\t<\/div>\n\t\t\t\t<\/div>\n\t\t<div class=\"elementor-element elementor-element-cfebbc1 e-flex e-con-boxed e-con e-parent\" data-id=\"cfebbc1\" data-element_type=\"container\">\n\t\t\t\t\t<div class=\"e-con-inner\">\n\t\t\t\t<div class=\"elementor-element elementor-element-3433457 elementor-widget elementor-widget-html\" data-id=\"3433457\" data-element_type=\"widget\" data-widget_type=\"html.default\">\n\t\t\t\t<div class=\"elementor-widget-container\">\n\t\t\t<!DOCTYPE html>\r\n<html lang=\"en\">\r\n<head>\r\n    <meta charset=\"UTF-8\">\r\n    <meta name=\"viewport\" content=\"width=device-width, initial-scale=1.0\">\r\n    <title>Agenda<\/title>\r\n    <!-- Bootstrap CSS -->\r\n    <link href=\"https:\/\/cdn.jsdelivr.net\/npm\/bootstrap@5.3.0\/dist\/css\/bootstrap.min.css\" rel=\"stylesheet\">\r\n    <!-- Font Awesome for Icons -->\r\n    <link href=\"https:\/\/cdnjs.cloudflare.com\/ajax\/libs\/font-awesome\/6.0.0-beta3\/css\/all.min.css\" rel=\"stylesheet\">\r\n    <!-- Custom CSS -->\r\n    <style>\r\n        .agenda-header {\r\n            background: linear-gradient(90deg, #4caf50, #009688);\r\n            color: white;\r\n            padding: 50px 0;\r\n            text-align: center;\r\n            position: relative;\r\n        }\r\n        .agenda-header h1 {\r\n            font-size: 3rem;\r\n            animation: fadeInDown 1.5s;\r\n        }\r\n        .agenda-header::after {\r\n            content: '';\r\n            position: absolute;\r\n            bottom: 0;\r\n            left: 50%;\r\n            transform: translateX(-50%);\r\n            width: 80px;\r\n            height: 4px;\r\n            background-color: white;\r\n            border-radius: 2px;\r\n        }\r\n        @keyframes fadeInDown {\r\n            0% { transform: translateY(-50px); opacity: 0; }\r\n            100% { transform: translateY(0); opacity: 1; }\r\n        }\r\n        .agenda-item {\r\n            margin-bottom: 30px;\r\n            animation: fadeInUp 1.5s;\r\n            box-shadow: 0 4px 8px rgba(0, 0, 0, 0.1);\r\n            border-radius: 10px;\r\n        }\r\n        @keyframes fadeInUp {\r\n            0% { transform: translateY(50px); opacity: 0; }\r\n            100% { transform: translateY(0); opacity: 1; }\r\n        }\r\n        .agenda-image {\r\n            max-height: 200px;\r\n            object-fit: cover;\r\n            border-top-left-radius: 10px;\r\n            border-top-right-radius: 10px;\r\n        }\r\n        .card-title {\r\n            font-size: 1.5rem;\r\n            color: #4caf50;\r\n            font-weight: bold;\r\n        }\r\n        .card-text {\r\n            line-height: 1.6;\r\n        }\r\n        .agenda-footer {\r\n            text-align: center;\r\n            background-color: #f8f9fa;\r\n            padding: 20px;\r\n            margin-top: 50px;\r\n            box-shadow: 0 -2px 5px rgba(0, 0, 0, 0.1);\r\n        }\r\n    <\/style>\r\n<\/head>\r\n<body>\r\n\r\n<!-- Header Section (specific to Agenda) -->\r\n<div class=\"agenda-header\">\r\n    <h1>Agenda des Activit\u00e9s<\/h1>\r\n    <p>D\u00e9couvrez les \u00e9v\u00e9nements et activit\u00e9s programm\u00e9s<\/p>\r\n<\/div>\r\n\r\n<!-- Main Agenda Section -->\r\n<div class=\"container my-5\">\r\n    <div class=\"row justify-content-center\">\r\n        <!-- Single Agenda Item -->\r\n        <div class=\"col-md-8 agenda-item\">\r\n            <div class=\"card\">\r\n                <img decoding=\"async\" src=\"https:\/\/sypesic.org\/wp-content\/uploads\/2024\/12\/d_un_agenda_en_fran_ais.jpeg\" class=\"card-img-top agenda-image\" alt=\"Event\">\r\n                <div class=\"card-body\">\r\n                    <h5 class=\"card-title\">Chers camarades membres du bureau<\/h5>\r\n                    <p class=\"card-text\">\r\n                        Vous \u00eates convi\u00e9s \u00e0 la r\u00e9union de Bureau du SYPESIC qui se tiendra le jeudi 19 d\u00e9cembre 2024 \u00e0 partir de 14 heures pr\u00e9cises au domicile du Tr\u00e9sorier G\u00e9n\u00e9ral \u00e0 Douala.<br><br>\r\n                        Cette importante assise qui se tient au cr\u00e9puscule de notre mandature se penchera sur :<br>\r\n                        <ul>\r\n                            <li>\u00c9valuation du cheminement du syndicat au cours de ces cinq premi\u00e8res ann\u00e9es<\/li>\r\n                            <li>Orientations pour la prochaine mandature<\/li>\r\n                            <li>Pr\u00e9paration de l\u2019assembl\u00e9e g\u00e9n\u00e9rale \u00e9lective de 2025<\/li>\r\n                            <li>Questions diverses<\/li>\r\n                        <\/ul>\r\n                        Cet ordre du jour reste ouvert \u00e0 vos suggestions.<br><br>\r\n                        Je vous saurai gr\u00e9 des dispositions que vous voudrez bien prendre chacun \u00e0 son niveau en vue d\u2019une participation effective \u00e0 cette importante rencontre.<br>\r\n                        Avec mes tr\u00e8s chaleureuses salutations syndicales.<br><br>\r\n                        <strong>LE SECR\u00c9TAIRE G\u00c9N\u00c9RAL<\/strong>\r\n                    <\/p>\r\n                <\/div>\r\n            <\/div>\r\n        <\/div>\r\n    <\/div>\r\n<\/div>\r\n\r\n<!-- Footer Section (specific to Agenda) -->\r\n\r\n\r\n<!-- Bootstrap Bundle with Popper -->\r\n<script src=\"https:\/\/cdn.jsdelivr.net\/npm\/bootstrap@5.3.0\/dist\/js\/bootstrap.bundle.min.js\"><\/script>\r\n<\/body>\r\n<\/html>\r\n\t\t<\/div>\n\t\t\t\t<\/div>\n\t\t\t\t\t<\/div>\n\t\t\t\t<\/div>\n\t\t\t\t<\/div>\n\t\t","protected":false},"excerpt":{"rendered":"<p>Agenda Agenda des Activit\u00e9s D\u00e9couvrez les \u00e9v\u00e9nements et activit\u00e9s programm\u00e9s Chers camarades membres du bureau Vous \u00eates convi\u00e9s \u00e0 la r\u00e9union de Bureau du SYPESIC qui se tiendra le jeudi 19 d\u00e9cembre 2024 \u00e0 partir de 14 heures pr\u00e9cises au domicile du Tr\u00e9sorier G\u00e9n\u00e9ral \u00e0 Douala. Cette importante assise qui se tient au cr\u00e9puscule de&hellip;&nbsp;<a href=\"https:\/\/sypesic.org\/?page_id=1246\" rel=\"bookmark\">Lire la suite &raquo;<span class=\"screen-reader-text\">Agenda<\/span><\/a><\/p>\n","protected":false},"author":1,"featured_media":0,"parent":0,"menu_order":0,"comment_status":"closed","ping_status":"closed","template":"page-templates\/template-pagebuilder-full-width.php","meta":{"neve_meta_sidebar":"","neve_meta_container":"","neve_meta_enable_content_width":"","neve_meta_content_width":0,"neve_meta_title_alignment":"","neve_meta_author_avatar":"","neve_post_elements_order":"","neve_meta_disable_header":"","neve_meta_disable_footer":"","neve_meta_disable_title":"","footnotes":""},"class_list":["post-1246","page","type-page","status-publish","hentry"],"_links":{"self":[{"href":"https:\/\/sypesic.org\/index.php?rest_route=\/wp\/v2\/pages\/1246","targetHints":{"allow":["GET"]}}],"collection":[{"href":"https:\/\/sypesic.org\/index.php?rest_route=\/wp\/v2\/pages"}],"about":[{"href":"https:\/\/sypesic.org\/index.php?rest_route=\/wp\/v2\/types\/page"}],"author":[{"embeddable":true,"href":"https:\/\/sypesic.org\/index.php?rest_route=\/wp\/v2\/users\/1"}],"replies":[{"embeddable":true,"href":"https:\/\/sypesic.org\/index.php?rest_route=%2Fwp%2Fv2%2Fcomments&post=1246"}],"version-history":[{"count":16,"href":"https:\/\/sypesic.org\/index.php?rest_route=\/wp\/v2\/pages\/1246\/revisions"}],"predecessor-version":[{"id":1336,"href":"https:\/\/sypesic.org\/index.php?rest_route=\/wp\/v2\/pages\/1246\/revisions\/1336"}],"wp:attachment":[{"href":"https:\/\/sypesic.org\/index.php?rest_route=%2Fwp%2Fv2%2Fmedia&parent=1246"}],"curies":[{"name":"wp","href":"https:\/\/api.w.org\/{rel}","templated":true}]}}