{"id":626,"date":"2024-11-27T22:56:26","date_gmt":"2024-11-27T21:56:26","guid":{"rendered":"https:\/\/sypesic.org\/?page_id=626"},"modified":"2024-11-29T14:38:23","modified_gmt":"2024-11-29T13:38:23","slug":"qui-sommes-nous","status":"publish","type":"page","link":"https:\/\/sypesic.org\/?page_id=626","title":{"rendered":"Qui sommes-nous ?"},"content":{"rendered":"\t\t<div data-elementor-type=\"wp-page\" data-elementor-id=\"626\" class=\"elementor elementor-626\">\n\t\t\t\t<div class=\"elementor-element elementor-element-cec8ec5 e-flex e-con-boxed e-con e-parent\" data-id=\"cec8ec5\" data-element_type=\"container\">\n\t\t\t\t\t<div class=\"e-con-inner\">\n\t\t\t\t<div class=\"elementor-element elementor-element-588ddbc elementor-widget elementor-widget-html\" data-id=\"588ddbc\" data-element_type=\"widget\" data-widget_type=\"html.default\">\n\t\t\t\t<div class=\"elementor-widget-container\">\n\t\t\t<!DOCTYPE html>\r\n<html lang=\"fr\">\r\n<head>\r\n    <meta charset=\"UTF-8\">\r\n    <meta name=\"viewport\" content=\"width=device-width, initial-scale=1.0\">\r\n    <title>Qui sommes-nous ? - SYPESIC<\/title>\r\n    \r\n    <!-- Bootstrap CSS -->\r\n    <link href=\"https:\/\/cdn.jsdelivr.net\/npm\/bootstrap@5.3.0-alpha1\/dist\/css\/bootstrap.min.css\" rel=\"stylesheet\">\r\n    \r\n    <!-- AOS (Animate On Scroll) CSS for animations -->\r\n    <link href=\"https:\/\/cdn.jsdelivr.net\/npm\/aos@2.3.4\/dist\/aos.css\" rel=\"stylesheet\">\r\n\r\n    <style>\r\n        body {\r\n            font-family: 'Arial', sans-serif;\r\n            background-color: #f7f7f7;\r\n        }\r\n        .hero-section {\r\n            background: linear-gradient(rgba(0, 0, 0, 0.5), rgba(0, 0, 0, 0.5)), \r\n                        url('https:\/\/sypesic.org\/wp-content\/uploads\/2024\/11\/feu-entreprise-1024x535-1.jpg') no-repeat center center\/cover;\r\n            color: white;\r\n            padding: 120px 20px;\r\n            text-align: center;\r\n        }\r\n        .hero-section h1 {\r\n            font-size: 3.5rem;\r\n            font-weight: bold;\r\n        }\r\n        .hero-section p {\r\n            font-size: 1.4rem;\r\n            margin-top: 10px;\r\n        }\r\n        .content-section {\r\n            padding: 60px 20px;\r\n        }\r\n        .content-section h2 {\r\n            color: #007bff;\r\n            text-align: center;\r\n            font-weight: bold;\r\n            margin-bottom: 30px;\r\n        }\r\n        .content-section p {\r\n            font-size: 1.2rem;\r\n            line-height: 1.6;\r\n            color: #555;\r\n        }\r\n        .image-column {\r\n            margin-bottom: 30px;\r\n            text-align: center;\r\n        }\r\n        .image-column img {\r\n            width: 100%;\r\n            height: auto;\r\n            border-radius: 8px;\r\n            box-shadow: 0px 8px 15px rgba(0, 0, 0, 0.1);\r\n        }\r\n        .footer {\r\n            background-color: #007bff;\r\n            color: white;\r\n            padding: 30px;\r\n            text-align: center;\r\n        }\r\n        .footer p {\r\n            margin: 0;\r\n        }\r\n    <\/style>\r\n<\/head>\r\n<body>\r\n\r\n    <!-- Hero Section -->\r\n    <section class=\"hero-section\">\r\n        <h1>Qui sommes-nous ?<\/h1>\r\n        <p>D\u00e9couvrez le SYPESIC et son engagement<\/p>\r\n    <\/section>\r\n\r\n    <!-- Content Section -->\r\n    <div class=\"container content-section\">\r\n        \r\n        <p>Le SYNDICAT PATRONNAL DES ENTREPRISES DE SECURITE INCENDIE DU CAMEROUN (SYPESIC) est n\u00e9 de la prise de conscience par ses membres, de l\u2019imp\u00e9rieuse n\u00e9cessit\u00e9 pour la corporation de mettre en place les outils indispensables en vue de la ma\u00eetrise des probl\u00e8mes relevant de leur comp\u00e9tence.<\/p>\r\n        <p>Une corporation responsable ne saurait rester indiff\u00e9rente par rapport au contexte \u00e9conomique et social dans lequel il est appel\u00e9 \u00e0 se d\u00e9ployer. Le syndicat r\u00e9affirme son ind\u00e9pendance absolue \u00e0 l\u2019\u00e9gard des acteurs et groupements politiques, des courants philosophiques ou religieux, et de fa\u00e7on g\u00e9n\u00e9rale, son opposition \u00e0 toute influence ext\u00e9rieure au mouvement syndical.<\/p>\r\n    <\/div>\r\n\r\n    <!-- Image Columns Section with Animation -->\r\n    <div class=\"container\">\r\n        <div class=\"row\">\r\n            <!-- Column 1 -->\r\n            <div class=\"col-md-4 image-column\" data-aos=\"fade-up\" data-aos-delay=\"100\">\r\n                <img decoding=\"async\" src=\"https:\/\/sypesic.org\/wp-content\/uploads\/2024\/11\/alarme-incendie-1024x655-1.jpg\" alt=\"Image 1\">\r\n            <\/div>\r\n            <!-- Column 2 -->\r\n            <div class=\"col-md-4 image-column\" data-aos=\"fade-up\" data-aos-delay=\"200\">\r\n                <img decoding=\"async\" src=\"https:\/\/sypesic.org\/wp-content\/uploads\/2024\/11\/4220307-150x150-1.jpg\" alt=\"Image 2\">\r\n            <\/div>\r\n            <!-- Column 3 -->\r\n            <div class=\"col-md-4 image-column\" data-aos=\"fade-up\" data-aos-delay=\"300\">\r\n                <img decoding=\"async\" src=\"https:\/\/sypesic.org\/wp-content\/uploads\/2024\/11\/extincteur-securite-incendie-entreprise-1024x683-1.jpg\" alt=\"Image 3\">\r\n            <\/div>\r\n        <\/div>\r\n    <\/div>\r\n\r\n   \r\n\r\n    <!-- Bootstrap JS -->\r\n    <script src=\"https:\/\/cdn.jsdelivr.net\/npm\/bootstrap@5.3.0-alpha1\/dist\/js\/bootstrap.bundle.min.js\"><\/script>\r\n\r\n    <!-- AOS JS for animations -->\r\n    <script src=\"https:\/\/cdn.jsdelivr.net\/npm\/aos@2.3.4\/dist\/aos.js\"><\/script>\r\n    <script>\r\n        \/\/ Initialize AOS (Animate on Scroll)\r\n        AOS.init();\r\n    <\/script>\r\n<\/body>\r\n<\/html>\r\n\t\t<\/div>\n\t\t\t\t<\/div>\n\t\t\t\t\t<\/div>\n\t\t\t\t<\/div>\n\t\t\t\t<\/div>\n\t\t","protected":false},"excerpt":{"rendered":"<p>Qui sommes-nous ? &#8211; SYPESIC Qui sommes-nous ? D\u00e9couvrez le SYPESIC et son engagement Le SYNDICAT PATRONNAL DES ENTREPRISES DE SECURITE INCENDIE DU CAMEROUN (SYPESIC) est n\u00e9 de la prise de conscience par ses membres, de l\u2019imp\u00e9rieuse n\u00e9cessit\u00e9 pour la corporation de mettre en place les outils indispensables en vue de la ma\u00eetrise des probl\u00e8mes&hellip;&nbsp;<a href=\"https:\/\/sypesic.org\/?page_id=626\" rel=\"bookmark\">Lire la suite &raquo;<span class=\"screen-reader-text\">Qui sommes-nous ?<\/span><\/a><\/p>\n","protected":false},"author":1,"featured_media":0,"parent":0,"menu_order":0,"comment_status":"closed","ping_status":"closed","template":"page-templates\/template-pagebuilder-full-width.php","meta":{"neve_meta_sidebar":"","neve_meta_container":"","neve_meta_enable_content_width":"","neve_meta_content_width":0,"neve_meta_title_alignment":"","neve_meta_author_avatar":"","neve_post_elements_order":"","neve_meta_disable_header":"","neve_meta_disable_footer":"","neve_meta_disable_title":"","footnotes":""},"class_list":["post-626","page","type-page","status-publish","hentry"],"_links":{"self":[{"href":"https:\/\/sypesic.org\/index.php?rest_route=\/wp\/v2\/pages\/626","targetHints":{"allow":["GET"]}}],"collection":[{"href":"https:\/\/sypesic.org\/index.php?rest_route=\/wp\/v2\/pages"}],"about":[{"href":"https:\/\/sypesic.org\/index.php?rest_route=\/wp\/v2\/types\/page"}],"author":[{"embeddable":true,"href":"https:\/\/sypesic.org\/index.php?rest_route=\/wp\/v2\/users\/1"}],"replies":[{"embeddable":true,"href":"https:\/\/sypesic.org\/index.php?rest_route=%2Fwp%2Fv2%2Fcomments&post=626"}],"version-history":[{"count":13,"href":"https:\/\/sypesic.org\/index.php?rest_route=\/wp\/v2\/pages\/626\/revisions"}],"predecessor-version":[{"id":996,"href":"https:\/\/sypesic.org\/index.php?rest_route=\/wp\/v2\/pages\/626\/revisions\/996"}],"wp:attachment":[{"href":"https:\/\/sypesic.org\/index.php?rest_route=%2Fwp%2Fv2%2Fmedia&parent=626"}],"curies":[{"name":"wp","href":"https:\/\/api.w.org\/{rel}","templated":true}]}}