{"id":99,"date":"2024-11-10T21:04:02","date_gmt":"2024-11-10T20:04:02","guid":{"rendered":"https:\/\/sypesic.org\/?page_id=99"},"modified":"2024-12-14T16:35:27","modified_gmt":"2024-12-14T15:35:27","slug":"contact","status":"publish","type":"page","link":"https:\/\/sypesic.org\/?page_id=99","title":{"rendered":"Contact"},"content":{"rendered":"\t\t<div data-elementor-type=\"wp-page\" data-elementor-id=\"99\" class=\"elementor elementor-99\">\n\t\t\t\t<div class=\"elementor-element elementor-element-f53c73f e-flex e-con-boxed e-con e-parent\" data-id=\"f53c73f\" data-element_type=\"container\">\n\t\t\t\t\t<div class=\"e-con-inner\">\n\t\t\t\t<div class=\"elementor-element elementor-element-ffcea35 elementor-widget elementor-widget-html\" data-id=\"ffcea35\" data-element_type=\"widget\" data-widget_type=\"html.default\">\n\t\t\t\t<div class=\"elementor-widget-container\">\n\t\t\t<!DOCTYPE html>\r\n<html lang=\"fr\">\r\n<head>\r\n    <meta charset=\"UTF-8\">\r\n    <meta name=\"viewport\" content=\"width=device-width, initial-scale=1.0\">\r\n    <title>Contactez-nous<\/title>\r\n    <link href=\"https:\/\/cdn.jsdelivr.net\/npm\/bootstrap@5.3.0-alpha1\/dist\/css\/bootstrap.min.css\" rel=\"stylesheet\">\r\n    <link href=\"https:\/\/cdn.jsdelivr.net\/npm\/bootstrap-icons\/font\/bootstrap-icons.css\" rel=\"stylesheet\">\r\n    <style>\r\n        body {\r\n            font-family: Arial, sans-serif;\r\n            background-color: #f8f9fa;\r\n        }\r\n        .contact-header {\r\n            background-color: #007bff;\r\n            color: white;\r\n            padding: 2rem;\r\n            text-align: center;\r\n        }\r\n        .contact-header h1 {\r\n            margin-bottom: 0.5rem;\r\n        }\r\n        .social-icons a {\r\n            color: #007bff;\r\n            margin-right: 10px;\r\n            font-size: 1.5rem;\r\n        }\r\n        .map-container {\r\n            height: 300px;\r\n        }\r\n        footer {\r\n            background-color: #343a40;\r\n            color: white;\r\n            padding: 1rem;\r\n            text-align: center;\r\n        }\r\n    <\/style>\r\n<\/head>\r\n<body>\r\n\r\n<header class=\"contact-header\">\r\n    <h1>Contactez-nous<\/h1>\r\n    <p>Nous sommes l\u00e0 pour r\u00e9pondre \u00e0 vos questions et \u00e9couter vos besoins.<\/p>\r\n<\/header>\r\n\r\n<div class=\"container my-5\">\r\n    <div class=\"row\">\r\n        <!-- Formulaire de contact -->\r\n        <div class=\"col-md-6\">\r\n            <h2>Formulaire de contact<\/h2>\r\n            <form action=\"\/submit-contact\" method=\"POST\">\r\n                <div class=\"mb-3\">\r\n                    <label for=\"name\" class=\"form-label\">Nom<\/label>\r\n                    <input type=\"text\" id=\"name\" name=\"name\" class=\"form-control\" required>\r\n                <\/div>\r\n                <div class=\"mb-3\">\r\n                    <label for=\"email\" class=\"form-label\">Adresse e-mail<\/label>\r\n                    <input type=\"email\" id=\"email\" name=\"email\" class=\"form-control\" required>\r\n                <\/div>\r\n                <div class=\"mb-3\">\r\n                    <label for=\"phone\" class=\"form-label\">Num\u00e9ro de t\u00e9l\u00e9phone<\/label>\r\n                    <input type=\"tel\" id=\"phone\" name=\"phone\" class=\"form-control\">\r\n                <\/div>\r\n                <div class=\"mb-3\">\r\n                    <label for=\"message\" class=\"form-label\">Message<\/label>\r\n                    <textarea id=\"message\" name=\"message\" class=\"form-control\" rows=\"5\" required><\/textarea>\r\n                <\/div>\r\n                <div class=\"mb-3\">\r\n                    <div class=\"g-recaptcha\" data-sitekey=\"your-site-key\"><\/div> <!-- Pour Captcha -->\r\n                <\/div>\r\n                <button type=\"submit\" class=\"btn btn-primary\">Envoyer<\/button>\r\n            <\/form>\r\n        <\/div>\r\n\r\n        <!-- Informations de contact -->\r\n        <div class=\"col-md-6\">\r\n            <h2>Informations de contact<\/h2>\r\n            <p><i class=\"bi bi-geo-alt\"><\/i> Adresse : Douala, Cameroun<\/p>\r\n            <p><i class=\"bi bi-telephone\"><\/i> T\u00e9l\u00e9phone : (+237) 677744466 \/ 699743283 \/ 699940281<\/p>\r\n            <p><i class=\"bi bi-envelope\"><\/i> Email : contact@sypesic.org<\/p>\r\n            <h3>Suivez-nous<\/h3>\r\n            <div class=\"social-icons\">\r\n                <a href=\"https:\/\/facebook.com\" target=\"_blank\"><i class=\"bi bi-facebook\"><\/i><\/a>\r\n                <a href=\"https:\/\/twitter.com\" target=\"_blank\"><i class=\"bi bi-twitter\"><\/i><\/a>\r\n                <a href=\"https:\/\/linkedin.com\" target=\"_blank\"><i class=\"bi bi-linkedin\"><\/i><\/a>\r\n            <\/div>\r\n        <\/div>\r\n    <\/div>\r\n\r\n    <!-- Carte Google Maps -->\r\n    <div class=\"map-container mt-4\">\r\n        \r\n    <\/div>\r\n<\/div>\r\n\r\n\r\n\r\n<!-- Inclure Bootstrap JS -->\r\n<script src=\"https:\/\/cdn.jsdelivr.net\/npm\/bootstrap@5.3.0-alpha1\/dist\/js\/bootstrap.bundle.min.js\"><\/script>\r\n<!-- Google reCAPTCHA -->\r\n<script src=\"https:\/\/www.google.com\/recaptcha\/api.js\" async defer><\/script>\r\n<\/body>\r\n<\/html>\r\n\t\t<\/div>\n\t\t\t\t<\/div>\n\t\t\t\t\t<\/div>\n\t\t\t\t<\/div>\n\t\t<div class=\"elementor-element elementor-element-256de47 e-flex e-con-boxed e-con e-parent\" data-id=\"256de47\" data-element_type=\"container\">\n\t\t\t\t\t<div class=\"e-con-inner\">\n\t\t<div class=\"elementor-element elementor-element-29cf052 e-con-full e-flex e-con e-child\" data-id=\"29cf052\" data-element_type=\"container\">\n\t\t\t\t<div class=\"elementor-element elementor-element-313a8cd elementor-widget elementor-widget-google_maps\" data-id=\"313a8cd\" data-element_type=\"widget\" data-widget_type=\"google_maps.default\">\n\t\t\t\t<div class=\"elementor-widget-container\">\n\t\t\t\t\t<div class=\"elementor-custom-embed\">\n\t\t\t<iframe loading=\"lazy\"\n\t\t\t\t\tsrc=\"https:\/\/maps.google.com\/maps?q=Akwa%2C%20Douala%2C%20Cameroun&#038;t=m&#038;z=12&#038;output=embed&#038;iwloc=near\"\n\t\t\t\t\ttitle=\"Akwa, Douala, Cameroun\"\n\t\t\t\t\taria-label=\"Akwa, Douala, Cameroun\"\n\t\t\t><\/iframe>\n\t\t<\/div>\n\t\t\t\t<\/div>\n\t\t\t\t<\/div>\n\t\t\t\t<\/div>\n\t\t\t\t\t<\/div>\n\t\t\t\t<\/div>\n\t\t\t\t<\/div>\n\t\t","protected":false},"excerpt":{"rendered":"<p>Contactez-nous Contactez-nous Nous sommes l\u00e0 pour r\u00e9pondre \u00e0 vos questions et \u00e9couter vos besoins. Formulaire de contact Nom Adresse e-mail Num\u00e9ro de t\u00e9l\u00e9phone Message Envoyer Informations de contact Adresse : Douala, Cameroun T\u00e9l\u00e9phone : (+237) 677744466 \/ 699743283 \/ 699940281 Email : contact@sypesic.org Suivez-nous<\/p>\n","protected":false},"author":1,"featured_media":0,"parent":0,"menu_order":0,"comment_status":"closed","ping_status":"closed","template":"page-templates\/template-pagebuilder-full-width.php","meta":{"neve_meta_sidebar":"","neve_meta_container":"","neve_meta_enable_content_width":"","neve_meta_content_width":0,"neve_meta_title_alignment":"","neve_meta_author_avatar":"","neve_post_elements_order":"","neve_meta_disable_header":"","neve_meta_disable_footer":"","neve_meta_disable_title":"","footnotes":""},"class_list":["post-99","page","type-page","status-publish","hentry"],"_links":{"self":[{"href":"https:\/\/sypesic.org\/index.php?rest_route=\/wp\/v2\/pages\/99","targetHints":{"allow":["GET"]}}],"collection":[{"href":"https:\/\/sypesic.org\/index.php?rest_route=\/wp\/v2\/pages"}],"about":[{"href":"https:\/\/sypesic.org\/index.php?rest_route=\/wp\/v2\/types\/page"}],"author":[{"embeddable":true,"href":"https:\/\/sypesic.org\/index.php?rest_route=\/wp\/v2\/users\/1"}],"replies":[{"embeddable":true,"href":"https:\/\/sypesic.org\/index.php?rest_route=%2Fwp%2Fv2%2Fcomments&post=99"}],"version-history":[{"count":22,"href":"https:\/\/sypesic.org\/index.php?rest_route=\/wp\/v2\/pages\/99\/revisions"}],"predecessor-version":[{"id":1385,"href":"https:\/\/sypesic.org\/index.php?rest_route=\/wp\/v2\/pages\/99\/revisions\/1385"}],"wp:attachment":[{"href":"https:\/\/sypesic.org\/index.php?rest_route=%2Fwp%2Fv2%2Fmedia&parent=99"}],"curies":[{"name":"wp","href":"https:\/\/api.w.org\/{rel}","templated":true}]}}